{"id":9628,"date":"2015-07-11T16:21:39","date_gmt":"2015-07-11T16:21:39","guid":{"rendered":"https:\/\/www.lilavert.com\/blog_lilavert\/?page_id=9628"},"modified":"2020-01-13T16:28:33","modified_gmt":"2020-01-13T16:28:33","slug":"cinemagraphs","status":"publish","type":"page","link":"https:\/\/www.lilavert.com\/blog_lilavert\/cinemagraphs\/","title":{"rendered":"Cinemagraphs"},"content":{"rendered":"<p><strong>Animations<br \/>\net Cinemagraphs<\/strong> &#8211; Experiments<\/p>\n<p><em style=\"color: #eb0045;\">Click on the pic\u00a0to see the animation&#8230;<\/em><\/p>\n<p>Un\u00a0<b style=\"color: #eb0045;\">cinemagraph<\/b>\u00a0est une partie de photographie\u00a0anim\u00e9e d&rsquo;un l\u00e9ger mouvement r\u00e9p\u00e9titif. Il est g\u00e9n\u00e9ralement au format\u00a0GIF anim\u00e9 ou mp4.<br \/>\nLe terme cinemagraph a \u00e9t\u00e9 invent\u00e9 par les Am\u00e9ricains\u00a0Kevin Burg\u00a0et\u00a0Jamie Beck, respectivement photographe et sp\u00e9cialiste de l&rsquo;animation, qui utilis\u00e8rent cette technique pour animer leurs photos de\u00a0mode\u00a0\u00e0 partir de d\u00e9but 2011.<\/p>\n<p><b style=\"color: #eb0045;\">Cinemagraphs<\/b>\u00a0are\u00a0still photographs\u00a0in which a minor and repeated movement occurs. Cinemagraphs, which are published in either\u00a0animated GIF\u00a0format or as video mp4.<br \/>\nThe term \u00ab\u00a0cinemagraph\u00a0\u00bb was coined by U.S. photographers\u00a0Kevin Burg\u00a0and\u00a0Jamie Beck, who used the technique to animate their fashion and news photographs beginning in early 2011.<\/p>\n","protected":false},"excerpt":{"rendered":"<p>Animations et Cinemagraphs &#8211; Experiments Click on the pic\u00a0to see the animation&#8230; Un\u00a0cinemagraph\u00a0est une partie de photographie\u00a0anim\u00e9e d&rsquo;un l\u00e9ger mouvement<\/p>\n","protected":false},"author":1,"featured_media":0,"parent":0,"menu_order":0,"comment_status":"open","ping_status":"open","template":"template-gallery.php","meta":{"_monsterinsights_skip_tracking":false,"_monsterinsights_sitenote_active":false,"_monsterinsights_sitenote_note":"","_monsterinsights_sitenote_category":0,"jetpack_post_was_ever_published":false,"footnotes":""},"jetpack_sharing_enabled":true,"jetpack_shortlink":"https:\/\/wp.me\/P6hYQX-2vi","jetpack-related-posts":[{"id":681,"url":"https:\/\/www.lilavert.com\/blog_lilavert\/graphiste-book\/","url_meta":{"origin":9628,"position":0},"title":"Graphiste { BooK }","author":"LilaVert I-I","date":"04\/09\/2012","format":false,"excerpt":"Graphiste {\u00a0BooK\u00a0} freelance Print \/ Web. Inscrite \u00e0 la Maison des Artistes depuis 2005 - je con\u00e7ois et r\u00e9alise toute votre communication Print et Web. Communication PRINT \/ Editions : - Cr\u00e9ation identit\u00e9s visuelles : Cr\u00e9ation de logo\u00a0\/ Charte graphique \/ Mascotte \/ Illustration - Cr\u00e9ation \/ Ex\u00e9cution : Catalogues,\u2026","rel":"","context":"Article similaire","block_context":{"text":"Article similaire","link":""},"img":{"alt_text":"graphiste freelance Print \/ Web","src":"https:\/\/i0.wp.com\/www.lilavert.com\/blog_lilavert\/wp-content\/uploads\/2015\/05\/graphiste-freelance.png?resize=350%2C200&ssl=1","width":350,"height":200},"classes":[]},{"id":1808,"url":"https:\/\/www.lilavert.com\/blog_lilavert\/sculptures-addict\/","url_meta":{"origin":9628,"position":1},"title":"Sculptures addict","author":"LilaVert I-I","date":"15\/04\/2013","format":false,"excerpt":"Sculptures addict. Mouvance hyper-r\u00e9aliste contemporaine. Patricia Piccinini est une artiste\u00a0australienne\u00a0n\u00e9e \u00e0\u00a0Freetown,\u00a0Sierra Leone, en\u00a01965.\u00a0Quoiqu'\u00e9tant d'une sensibilit\u00e9 proche des\u00a0bio-artistes, elle ne travaille pas \u00e0 partir du vivant, mais \u00e0 partir des repr\u00e9sentations du vivant et de leur r\u00e9ception. Des sculptures d\u00e9rangeantes par leur aspect organique, leur r\u00e9alisme, leur peau rose nous renvoyant\u2026","rel":"","context":"Article similaire","block_context":{"text":"Article similaire","link":""},"img":{"alt_text":"","src":"","width":0,"height":0},"classes":[]},{"id":1711,"url":"https:\/\/www.lilavert.com\/blog_lilavert\/gallerie-1\/sculptures-hyperrealistes\/","url_meta":{"origin":9628,"position":2},"title":"Sculptures hyperrealistes","author":"LilaVert I-I","date":"03\/09\/2013","format":false,"excerpt":"Sculptures\u00a0hyperrealistes\u00a0- This page is a collection of hyperrealist Artists over the World :\u00a0Xooang Choi, Ron Mueck, Patricia Piccinini, Sam Jinks, Tip Toland for the most famous of them and much others... Feel free to share this page. Cette page est une collection des sculpteurs hyper r\u00e9alistes\u00a0\u00e0 travers le monde :\u00a0Xooang\u2026","rel":"","context":"Avec 1 commentaire","block_context":{"text":"Avec 1 commentaire","link":"https:\/\/www.lilavert.com\/blog_lilavert\/gallerie-1\/sculptures-hyperrealistes\/#comments"},"img":{"alt_text":"","src":"","width":0,"height":0},"classes":[]}],"_links":{"self":[{"href":"https:\/\/www.lilavert.com\/blog_lilavert\/wp-json\/wp\/v2\/pages\/9628"}],"collection":[{"href":"https:\/\/www.lilavert.com\/blog_lilavert\/wp-json\/wp\/v2\/pages"}],"about":[{"href":"https:\/\/www.lilavert.com\/blog_lilavert\/wp-json\/wp\/v2\/types\/page"}],"author":[{"embeddable":true,"href":"https:\/\/www.lilavert.com\/blog_lilavert\/wp-json\/wp\/v2\/users\/1"}],"replies":[{"embeddable":true,"href":"https:\/\/www.lilavert.com\/blog_lilavert\/wp-json\/wp\/v2\/comments?post=9628"}],"version-history":[{"count":1,"href":"https:\/\/www.lilavert.com\/blog_lilavert\/wp-json\/wp\/v2\/pages\/9628\/revisions"}],"predecessor-version":[{"id":13743,"href":"https:\/\/www.lilavert.com\/blog_lilavert\/wp-json\/wp\/v2\/pages\/9628\/revisions\/13743"}],"wp:attachment":[{"href":"https:\/\/www.lilavert.com\/blog_lilavert\/wp-json\/wp\/v2\/media?parent=9628"}],"curies":[{"name":"wp","href":"https:\/\/api.w.org\/{rel}","templated":true}]}}