{"id":584,"date":"2012-08-12T16:47:56","date_gmt":"2012-08-12T16:47:56","guid":{"rendered":"https:\/\/www.lilavert.com\/blog_lilavert\/?page_id=584"},"modified":"2013-10-21T12:15:10","modified_gmt":"2013-10-21T12:15:10","slug":"584-2","status":"publish","type":"page","link":"https:\/\/www.lilavert.com\/blog_lilavert\/gallerie-1\/584-2\/","title":{"rendered":"Nature"},"content":{"rendered":"","protected":false},"excerpt":{"rendered":"","protected":false},"author":1,"featured_media":0,"parent":166,"menu_order":0,"comment_status":"open","ping_status":"open","template":"template-gallery.php","meta":{"_monsterinsights_skip_tracking":false,"_monsterinsights_sitenote_active":false,"_monsterinsights_sitenote_note":"","_monsterinsights_sitenote_category":0,"jetpack_post_was_ever_published":false,"footnotes":""},"jetpack_sharing_enabled":true,"jetpack_shortlink":"https:\/\/wp.me\/P6hYQX-9q","jetpack-related-posts":[{"id":274,"url":"https:\/\/www.lilavert.com\/blog_lilavert\/gallerie-1\/fleurs\/","url_meta":{"origin":584,"position":0},"title":"Fleurs","author":"LilaVert I-I","date":"06\/08\/2012","format":false,"excerpt":"Fleurs \/ Nature photographies \/","rel":"","context":"Avec 2 commentaires","block_context":{"text":"Avec 2 commentaires","link":"https:\/\/www.lilavert.com\/blog_lilavert\/gallerie-1\/fleurs\/#comments"},"img":{"alt_text":"","src":"","width":0,"height":0},"classes":[]},{"id":442,"url":"https:\/\/www.lilavert.com\/blog_lilavert\/my-work\/","url_meta":{"origin":584,"position":1},"title":"My photos work","author":"LilaVert I-I","date":"06\/08\/2012","format":false,"excerpt":"Domaine de pr\u00e9dilection : Macro photographies [petites b\u00eabetes et autres.. germes de mousse, water drops, pistil de fleurs], nature, Chats et chevaux, etc... Je suis \u00e9quip\u00e9e d'un Nikon D300, D610 coupl\u00e9 \u00e0 un macro 150 mm Sigma, doubl\u00e9 d'un kenko 1.4. Flash Nikon SB600. Bonne visite.","rel":"","context":"Article similaire","block_context":{"text":"Article similaire","link":""},"img":{"alt_text":"","src":"","width":0,"height":0},"classes":[]},{"id":1808,"url":"https:\/\/www.lilavert.com\/blog_lilavert\/sculptures-addict\/","url_meta":{"origin":584,"position":2},"title":"Sculptures addict","author":"LilaVert I-I","date":"15\/04\/2013","format":false,"excerpt":"Sculptures addict. Mouvance hyper-r\u00e9aliste contemporaine. Patricia Piccinini est une artiste\u00a0australienne\u00a0n\u00e9e \u00e0\u00a0Freetown,\u00a0Sierra Leone, en\u00a01965.\u00a0Quoiqu'\u00e9tant d'une sensibilit\u00e9 proche des\u00a0bio-artistes, elle ne travaille pas \u00e0 partir du vivant, mais \u00e0 partir des repr\u00e9sentations du vivant et de leur r\u00e9ception. Des sculptures d\u00e9rangeantes par leur aspect organique, leur r\u00e9alisme, leur peau rose nous renvoyant\u2026","rel":"","context":"Article similaire","block_context":{"text":"Article similaire","link":""},"img":{"alt_text":"","src":"","width":0,"height":0},"classes":[]}],"_links":{"self":[{"href":"https:\/\/www.lilavert.com\/blog_lilavert\/wp-json\/wp\/v2\/pages\/584"}],"collection":[{"href":"https:\/\/www.lilavert.com\/blog_lilavert\/wp-json\/wp\/v2\/pages"}],"about":[{"href":"https:\/\/www.lilavert.com\/blog_lilavert\/wp-json\/wp\/v2\/types\/page"}],"author":[{"embeddable":true,"href":"https:\/\/www.lilavert.com\/blog_lilavert\/wp-json\/wp\/v2\/users\/1"}],"replies":[{"embeddable":true,"href":"https:\/\/www.lilavert.com\/blog_lilavert\/wp-json\/wp\/v2\/comments?post=584"}],"version-history":[{"count":0,"href":"https:\/\/www.lilavert.com\/blog_lilavert\/wp-json\/wp\/v2\/pages\/584\/revisions"}],"up":[{"embeddable":true,"href":"https:\/\/www.lilavert.com\/blog_lilavert\/wp-json\/wp\/v2\/pages\/166"}],"wp:attachment":[{"href":"https:\/\/www.lilavert.com\/blog_lilavert\/wp-json\/wp\/v2\/media?parent=584"}],"curies":[{"name":"wp","href":"https:\/\/api.w.org\/{rel}","templated":true}]}}