{"id":372,"date":"2012-08-06T11:24:54","date_gmt":"2012-08-06T11:24:54","guid":{"rendered":"https:\/\/www.lilavert.com\/blog_lilavert\/?page_id=372"},"modified":"2020-02-21T15:16:35","modified_gmt":"2020-02-21T15:16:35","slug":"sculptures","status":"publish","type":"page","link":"https:\/\/www.lilavert.com\/blog_lilavert\/gallerie-1\/sculptures\/","title":{"rendered":"Sculptures"},"content":{"rendered":"","protected":false},"excerpt":{"rendered":"","protected":false},"author":1,"featured_media":0,"parent":166,"menu_order":0,"comment_status":"open","ping_status":"open","template":"template-gallery.php","meta":{"_monsterinsights_skip_tracking":false,"_monsterinsights_sitenote_active":false,"_monsterinsights_sitenote_note":"","_monsterinsights_sitenote_category":0,"jetpack_post_was_ever_published":false,"footnotes":""},"jetpack_sharing_enabled":true,"jetpack_shortlink":"https:\/\/wp.me\/P6hYQX-60","jetpack-related-posts":[{"id":1711,"url":"https:\/\/www.lilavert.com\/blog_lilavert\/gallerie-1\/sculptures-hyperrealistes\/","url_meta":{"origin":372,"position":0},"title":"Sculptures hyperrealistes","author":"LilaVert I-I","date":"03\/09\/2013","format":false,"excerpt":"Sculptures\u00a0hyperrealistes\u00a0- This page is a collection of hyperrealist Artists over the World :\u00a0Xooang Choi, Ron Mueck, Patricia Piccinini, Sam Jinks, Tip Toland for the most famous of them and much others... Feel free to share this page. Cette page est une collection des sculpteurs hyper r\u00e9alistes\u00a0\u00e0 travers le monde :\u00a0Xooang\u2026","rel":"","context":"Avec 1 commentaire","block_context":{"text":"Avec 1 commentaire","link":"https:\/\/www.lilavert.com\/blog_lilavert\/gallerie-1\/sculptures-hyperrealistes\/#comments"},"img":{"alt_text":"","src":"","width":0,"height":0},"classes":[]},{"id":1808,"url":"https:\/\/www.lilavert.com\/blog_lilavert\/sculptures-addict\/","url_meta":{"origin":372,"position":1},"title":"Sculptures addict","author":"LilaVert I-I","date":"15\/04\/2013","format":false,"excerpt":"Sculptures addict. Mouvance hyper-r\u00e9aliste contemporaine. Patricia Piccinini est une artiste\u00a0australienne\u00a0n\u00e9e \u00e0\u00a0Freetown,\u00a0Sierra Leone, en\u00a01965.\u00a0Quoiqu'\u00e9tant d'une sensibilit\u00e9 proche des\u00a0bio-artistes, elle ne travaille pas \u00e0 partir du vivant, mais \u00e0 partir des repr\u00e9sentations du vivant et de leur r\u00e9ception. Des sculptures d\u00e9rangeantes par leur aspect organique, leur r\u00e9alisme, leur peau rose nous renvoyant\u2026","rel":"","context":"Article similaire","block_context":{"text":"Article similaire","link":""},"img":{"alt_text":"","src":"","width":0,"height":0},"classes":[]}],"_links":{"self":[{"href":"https:\/\/www.lilavert.com\/blog_lilavert\/wp-json\/wp\/v2\/pages\/372"}],"collection":[{"href":"https:\/\/www.lilavert.com\/blog_lilavert\/wp-json\/wp\/v2\/pages"}],"about":[{"href":"https:\/\/www.lilavert.com\/blog_lilavert\/wp-json\/wp\/v2\/types\/page"}],"author":[{"embeddable":true,"href":"https:\/\/www.lilavert.com\/blog_lilavert\/wp-json\/wp\/v2\/users\/1"}],"replies":[{"embeddable":true,"href":"https:\/\/www.lilavert.com\/blog_lilavert\/wp-json\/wp\/v2\/comments?post=372"}],"version-history":[{"count":0,"href":"https:\/\/www.lilavert.com\/blog_lilavert\/wp-json\/wp\/v2\/pages\/372\/revisions"}],"up":[{"embeddable":true,"href":"https:\/\/www.lilavert.com\/blog_lilavert\/wp-json\/wp\/v2\/pages\/166"}],"wp:attachment":[{"href":"https:\/\/www.lilavert.com\/blog_lilavert\/wp-json\/wp\/v2\/media?parent=372"}],"curies":[{"name":"wp","href":"https:\/\/api.w.org\/{rel}","templated":true}]}}