{"id":274,"date":"2012-08-06T08:18:56","date_gmt":"2012-08-06T08:18:56","guid":{"rendered":"https:\/\/www.lilavert.com\/blog_lilavert\/?page_id=274"},"modified":"2016-02-20T12:41:01","modified_gmt":"2016-02-20T12:41:01","slug":"fleurs","status":"publish","type":"page","link":"https:\/\/www.lilavert.com\/blog_lilavert\/gallerie-1\/fleurs\/","title":{"rendered":"Fleurs"},"content":{"rendered":"<p><strong>Fleurs<\/strong> \/ Nature photographies \/<\/p>\n","protected":false},"excerpt":{"rendered":"<p>Fleurs \/ Nature photographies \/<\/p>\n","protected":false},"author":1,"featured_media":0,"parent":166,"menu_order":0,"comment_status":"open","ping_status":"open","template":"template-gallery.php","meta":{"_monsterinsights_skip_tracking":false,"_monsterinsights_sitenote_active":false,"_monsterinsights_sitenote_note":"","_monsterinsights_sitenote_category":0,"jetpack_post_was_ever_published":false,"footnotes":""},"jetpack_sharing_enabled":true,"jetpack_shortlink":"https:\/\/wp.me\/P6hYQX-4q","jetpack-related-posts":[{"id":442,"url":"https:\/\/www.lilavert.com\/blog_lilavert\/my-work\/","url_meta":{"origin":274,"position":0},"title":"My photos work","author":"LilaVert I-I","date":"06\/08\/2012","format":false,"excerpt":"Domaine de pr\u00e9dilection : Macro photographies [petites b\u00eabetes et autres.. germes de mousse, water drops, pistil de fleurs], nature, Chats et chevaux, etc... Je suis \u00e9quip\u00e9e d'un Nikon D300, D610 coupl\u00e9 \u00e0 un macro 150 mm Sigma, doubl\u00e9 d'un kenko 1.4. Flash Nikon SB600. Bonne visite.","rel":"","context":"Article similaire","block_context":{"text":"Article similaire","link":""},"img":{"alt_text":"","src":"","width":0,"height":0},"classes":[]},{"id":297,"url":"https:\/\/www.lilavert.com\/blog_lilavert\/gallerie-1\/macro\/","url_meta":{"origin":274,"position":1},"title":"Macro photographie","author":"LilaVert I-I","date":"26\/08\/2013","format":false,"excerpt":"Macro\u00a0photographie\u00a0- Pistils de fleurs, Germes de mousse, graine de pissenlit, Drosera capensis, Silene,\u00a0macro-champignon, insectes, ... Nikon D610,\u00a0D300 Macro 150 mm Sigma kenko 1.4 Flash Nikon\u00a0SB600.","rel":"","context":"Avec 4 commentaires","block_context":{"text":"Avec 4 commentaires","link":"https:\/\/www.lilavert.com\/blog_lilavert\/gallerie-1\/macro\/#comments"},"img":{"alt_text":"","src":"","width":0,"height":0},"classes":[]},{"id":9628,"url":"https:\/\/www.lilavert.com\/blog_lilavert\/cinemagraphs\/","url_meta":{"origin":274,"position":2},"title":"Cinemagraphs","author":"LilaVert I-I","date":"11\/07\/2015","format":false,"excerpt":"Animations et Cinemagraphs - Experiments Click on the pic\u00a0to see the animation... Un\u00a0cinemagraph\u00a0est une partie de photographie\u00a0anim\u00e9e d'un l\u00e9ger mouvement r\u00e9p\u00e9titif. Il est g\u00e9n\u00e9ralement au format\u00a0GIF anim\u00e9 ou mp4. Le terme cinemagraph a \u00e9t\u00e9 invent\u00e9 par les Am\u00e9ricains\u00a0Kevin Burg\u00a0et\u00a0Jamie Beck, respectivement photographe et sp\u00e9cialiste de l'animation, qui utilis\u00e8rent cette technique\u2026","rel":"","context":"Article similaire","block_context":{"text":"Article similaire","link":""},"img":{"alt_text":"","src":"","width":0,"height":0},"classes":[]},{"id":584,"url":"https:\/\/www.lilavert.com\/blog_lilavert\/gallerie-1\/584-2\/","url_meta":{"origin":274,"position":3},"title":"Nature","author":"LilaVert I-I","date":"12\/08\/2012","format":false,"excerpt":"","rel":"","context":"Article similaire","block_context":{"text":"Article similaire","link":""},"img":{"alt_text":"","src":"","width":0,"height":0},"classes":[]},{"id":1808,"url":"https:\/\/www.lilavert.com\/blog_lilavert\/sculptures-addict\/","url_meta":{"origin":274,"position":4},"title":"Sculptures addict","author":"LilaVert I-I","date":"15\/04\/2013","format":false,"excerpt":"Sculptures addict. Mouvance hyper-r\u00e9aliste contemporaine. Patricia Piccinini est une artiste\u00a0australienne\u00a0n\u00e9e \u00e0\u00a0Freetown,\u00a0Sierra Leone, en\u00a01965.\u00a0Quoiqu'\u00e9tant d'une sensibilit\u00e9 proche des\u00a0bio-artistes, elle ne travaille pas \u00e0 partir du vivant, mais \u00e0 partir des repr\u00e9sentations du vivant et de leur r\u00e9ception. Des sculptures d\u00e9rangeantes par leur aspect organique, leur r\u00e9alisme, leur peau rose nous renvoyant\u2026","rel":"","context":"Article similaire","block_context":{"text":"Article similaire","link":""},"img":{"alt_text":"","src":"","width":0,"height":0},"classes":[]}],"_links":{"self":[{"href":"https:\/\/www.lilavert.com\/blog_lilavert\/wp-json\/wp\/v2\/pages\/274"}],"collection":[{"href":"https:\/\/www.lilavert.com\/blog_lilavert\/wp-json\/wp\/v2\/pages"}],"about":[{"href":"https:\/\/www.lilavert.com\/blog_lilavert\/wp-json\/wp\/v2\/types\/page"}],"author":[{"embeddable":true,"href":"https:\/\/www.lilavert.com\/blog_lilavert\/wp-json\/wp\/v2\/users\/1"}],"replies":[{"embeddable":true,"href":"https:\/\/www.lilavert.com\/blog_lilavert\/wp-json\/wp\/v2\/comments?post=274"}],"version-history":[{"count":1,"href":"https:\/\/www.lilavert.com\/blog_lilavert\/wp-json\/wp\/v2\/pages\/274\/revisions"}],"predecessor-version":[{"id":13779,"href":"https:\/\/www.lilavert.com\/blog_lilavert\/wp-json\/wp\/v2\/pages\/274\/revisions\/13779"}],"up":[{"embeddable":true,"href":"https:\/\/www.lilavert.com\/blog_lilavert\/wp-json\/wp\/v2\/pages\/166"}],"wp:attachment":[{"href":"https:\/\/www.lilavert.com\/blog_lilavert\/wp-json\/wp\/v2\/media?parent=274"}],"curies":[{"name":"wp","href":"https:\/\/api.w.org\/{rel}","templated":true}]}}