{"id":1839,"date":"2013-04-15T15:26:04","date_gmt":"2013-04-15T15:26:04","guid":{"rendered":"https:\/\/www.lilavert.com\/blog_lilavert\/?page_id=1839"},"modified":"2016-07-06T14:33:44","modified_gmt":"2016-07-06T14:33:44","slug":"sculpteurs-mix","status":"publish","type":"page","link":"https:\/\/www.lilavert.com\/blog_lilavert\/gallerie-1\/sculpteurs-mix\/","title":{"rendered":"Sculpteurs Mixed Art"},"content":{"rendered":"<p><strong>Mixed Media Art<\/strong> over the world.<br \/>\nSculptors inspiration\u00a0&#8211;\u00a0mixed\u00a0Art\u00a0technique, argile, textiles art&#8230;<br \/>\nPainting.<\/p>\n","protected":false},"excerpt":{"rendered":"<p>Mixed Media Art over the world. Sculptors inspiration\u00a0&#8211;\u00a0mixed\u00a0Art\u00a0technique, argile, textiles art&#8230; Painting.<\/p>\n","protected":false},"author":1,"featured_media":0,"parent":166,"menu_order":0,"comment_status":"open","ping_status":"open","template":"template-gallery.php","meta":{"_monsterinsights_skip_tracking":false,"_monsterinsights_sitenote_active":false,"_monsterinsights_sitenote_note":"","_monsterinsights_sitenote_category":0,"jetpack_post_was_ever_published":false,"footnotes":""},"jetpack_sharing_enabled":true,"jetpack_shortlink":"https:\/\/wp.me\/P6hYQX-tF","jetpack-related-posts":[{"id":1808,"url":"https:\/\/www.lilavert.com\/blog_lilavert\/sculptures-addict\/","url_meta":{"origin":1839,"position":0},"title":"Sculptures addict","author":"LilaVert I-I","date":"15\/04\/2013","format":false,"excerpt":"Sculptures addict. Mouvance hyper-r\u00e9aliste contemporaine. Patricia Piccinini est une artiste\u00a0australienne\u00a0n\u00e9e \u00e0\u00a0Freetown,\u00a0Sierra Leone, en\u00a01965.\u00a0Quoiqu'\u00e9tant d'une sensibilit\u00e9 proche des\u00a0bio-artistes, elle ne travaille pas \u00e0 partir du vivant, mais \u00e0 partir des repr\u00e9sentations du vivant et de leur r\u00e9ception. Des sculptures d\u00e9rangeantes par leur aspect organique, leur r\u00e9alisme, leur peau rose nous renvoyant\u2026","rel":"","context":"Article similaire","block_context":{"text":"Article similaire","link":""},"img":{"alt_text":"","src":"","width":0,"height":0},"classes":[]},{"id":7483,"url":"https:\/\/www.lilavert.com\/blog_lilavert\/tee-shirt-deco\/","url_meta":{"origin":1839,"position":1},"title":"Tee-shirt &#038; Deco","author":"LilaVert I-I","date":"15\/08\/2014","format":false,"excerpt":"Tee-shirt & Deco, digitales illustrations & photography. Check my shop on SOCIETY6 and on REDBUBBLE ! Available products :\u00a0T-Shirts, Stickers, iPhone Cases & Skins, Samsung Galaxy Cases & Skins, Posters, Throw Pillows, Tote Bags, Studio Pouches, Duvet Covers, Photographic Prints, Art Prints, Framed Prints, Canvas Prints, Metal Prints, Greeting Cards,\u2026","rel":"","context":"Avec 1 commentaire","block_context":{"text":"Avec 1 commentaire","link":"https:\/\/www.lilavert.com\/blog_lilavert\/tee-shirt-deco\/#comments"},"img":{"alt_text":"graphiste freelance Print \/ Web","src":"https:\/\/i0.wp.com\/www.lilavert.com\/blog_lilavert\/wp-content\/uploads\/2015\/05\/graphiste-freelance.png?resize=350%2C200&ssl=1","width":350,"height":200},"classes":[]},{"id":1711,"url":"https:\/\/www.lilavert.com\/blog_lilavert\/gallerie-1\/sculptures-hyperrealistes\/","url_meta":{"origin":1839,"position":2},"title":"Sculptures hyperrealistes","author":"LilaVert I-I","date":"03\/09\/2013","format":false,"excerpt":"Sculptures\u00a0hyperrealistes\u00a0- This page is a collection of hyperrealist Artists over the World :\u00a0Xooang Choi, Ron Mueck, Patricia Piccinini, Sam Jinks, Tip Toland for the most famous of them and much others... Feel free to share this page. Cette page est une collection des sculpteurs hyper r\u00e9alistes\u00a0\u00e0 travers le monde :\u00a0Xooang\u2026","rel":"","context":"Avec 1 commentaire","block_context":{"text":"Avec 1 commentaire","link":"https:\/\/www.lilavert.com\/blog_lilavert\/gallerie-1\/sculptures-hyperrealistes\/#comments"},"img":{"alt_text":"","src":"","width":0,"height":0},"classes":[]},{"id":9628,"url":"https:\/\/www.lilavert.com\/blog_lilavert\/cinemagraphs\/","url_meta":{"origin":1839,"position":3},"title":"Cinemagraphs","author":"LilaVert I-I","date":"11\/07\/2015","format":false,"excerpt":"Animations et Cinemagraphs - Experiments Click on the pic\u00a0to see the animation... Un\u00a0cinemagraph\u00a0est une partie de photographie\u00a0anim\u00e9e d'un l\u00e9ger mouvement r\u00e9p\u00e9titif. Il est g\u00e9n\u00e9ralement au format\u00a0GIF anim\u00e9 ou mp4. Le terme cinemagraph a \u00e9t\u00e9 invent\u00e9 par les Am\u00e9ricains\u00a0Kevin Burg\u00a0et\u00a0Jamie Beck, respectivement photographe et sp\u00e9cialiste de l'animation, qui utilis\u00e8rent cette technique\u2026","rel":"","context":"Article similaire","block_context":{"text":"Article similaire","link":""},"img":{"alt_text":"","src":"","width":0,"height":0},"classes":[]}],"_links":{"self":[{"href":"https:\/\/www.lilavert.com\/blog_lilavert\/wp-json\/wp\/v2\/pages\/1839"}],"collection":[{"href":"https:\/\/www.lilavert.com\/blog_lilavert\/wp-json\/wp\/v2\/pages"}],"about":[{"href":"https:\/\/www.lilavert.com\/blog_lilavert\/wp-json\/wp\/v2\/types\/page"}],"author":[{"embeddable":true,"href":"https:\/\/www.lilavert.com\/blog_lilavert\/wp-json\/wp\/v2\/users\/1"}],"replies":[{"embeddable":true,"href":"https:\/\/www.lilavert.com\/blog_lilavert\/wp-json\/wp\/v2\/comments?post=1839"}],"version-history":[{"count":0,"href":"https:\/\/www.lilavert.com\/blog_lilavert\/wp-json\/wp\/v2\/pages\/1839\/revisions"}],"up":[{"embeddable":true,"href":"https:\/\/www.lilavert.com\/blog_lilavert\/wp-json\/wp\/v2\/pages\/166"}],"wp:attachment":[{"href":"https:\/\/www.lilavert.com\/blog_lilavert\/wp-json\/wp\/v2\/media?parent=1839"}],"curies":[{"name":"wp","href":"https:\/\/api.w.org\/{rel}","templated":true}]}}