{"id":1808,"date":"2013-04-15T12:02:14","date_gmt":"2013-04-15T12:02:14","guid":{"rendered":"https:\/\/www.lilavert.com\/blog_lilavert\/?page_id=1808"},"modified":"2015-07-12T15:46:33","modified_gmt":"2015-07-12T15:46:33","slug":"sculptures-addict","status":"publish","type":"page","link":"https:\/\/www.lilavert.com\/blog_lilavert\/sculptures-addict\/","title":{"rendered":"Sculptures addict"},"content":{"rendered":"<h3><strong style=\"color: #eb0045;\">Sculptures addict.<\/strong> <strong>Mouvance hyper-r\u00e9aliste contemporaine.<\/strong><\/h3>\n<p><strong style=\"color: #eb0045;\">Patricia Piccinini <\/strong>est une artiste\u00a0australienne\u00a0n\u00e9e \u00e0\u00a0Freetown,\u00a0Sierra Leone, en\u00a01965.\u00a0Quoiqu&rsquo;\u00e9tant d&rsquo;une sensibilit\u00e9 proche des\u00a0bio-artistes, elle ne travaille pas \u00e0 partir du vivant, mais \u00e0 partir des repr\u00e9sentations du vivant et de leur r\u00e9ception. Des sculptures d\u00e9rangeantes par leur aspect organique, leur r\u00e9alisme, leur peau rose nous renvoyant obligatoirement \u00e0 nos chairs humaines.\u00a0R\u00e9alis\u00e9es \u00e0 partir de silicone, r\u00e9sine, de fibre de verre mais aussi de cheveux, poils et v\u00eatements, ses cr\u00e9ations nous confrontent invariablement \u00e0 notre vision de la normalit\u00e9 avec une intensit\u00e9 certaine\u2026 <a title=\"Patricia Piccinini, sculptures\" href=\"http:\/\/www.patriciapiccinini.net\" target=\"_blank\">Visitez son site.<\/a>\u00a0\/ <strong>EXPO :\u00a0<\/strong>26 Apr 13 &#8211; 30 Jun 13,\u00a0<a title=\"expo Patricia Piccinini\" href=\"http:\/\/www.patriciapiccinini.net\/calendar\/67\" target=\"_blank\">Nature of the Beast<\/a>,\u00a0The New Art Gallery Walsall, ENGLAND.<\/p>\n<p><strong style=\"color: #eb0045;\">Ron Mueck\u00a0<\/strong>n\u00e9 en\u00a01958\u00a0\u00e0\u00a0Melbourne. Sculpteur\u00a0australien\u00a0hyperr\u00e9aliste\u00a0travaillant en\u00a0Grande-Bretagne.\u00a0Corps humain dans ses plus minutieux d\u00e9tails gr\u00e2ce au silicone, \u00e0 la r\u00e9sine polyester et \u00e0 la peinture \u00e0 l\u2019huile. Derri\u00e8re sa pr\u00e9cision clinique, un go\u00fbt du morbide transpara\u00eet, \u00e0 travers la d\u00e9ch\u00e9ance de ses corps ob\u00e8ses et vieillissants accentu\u00e9e par des dimensions toujours anormales. <a title=\"Ron Mueck, sculpteur hyper realiste australien\" href=\"http:\/\/fr.wikipedia.org\/wiki\/Ron_Mueck\" target=\"_blank\">Ron Mueck\u00a0fr.wikipedia<\/a>\u00a0&#8211; <strong>EXPO :\u00a0<\/strong>16 Avril 2013 au 29 Septembre 2013 &#8211; \u00e0 la <a title=\"Expo Ron Mueck, Paris\" href=\"http:\/\/fondation.cartier.com\" target=\"_blank\">Fondation Cartier &#8211; Paris, France<\/a><\/p>\n<p><strong style=\"color: #eb0045;\">Xooang Choi<\/strong> (\ucd5c\uc218\uc559 \uc791\uc5c5\uc2e4)<br \/>\nN\u00e9\u00a0en 1975 &#8211; Cor\u00e9e du Sud &#8211; Il obtient son BACHELOR of Fine Arts in sculpture \u00e0 l&rsquo;Universit\u00e9 Nationale de S\u00e9oul en 2002 et son MASTER of Fine Art in sculpture dans la m\u00eame universit\u00e9 en 2005. Prim\u00e9 2 fois en 2007 et en 2008 par la Seoul Foundation for Arts and Culture Fund Selection NART.\u00a0Ses sculptures\u00a0nous plongent dans un univers particulier o\u00f9 l&rsquo;humain se veut\u00a0monstrueux et \u00a0qu&rsquo;il s&rsquo;approprie par distorsions, \u00e9tirements et\u00a0agrandissements (cf\u00a0<a href=\"http:\/\/www.artezia.net\/art-graphisme\/artistes\/Ron-Mueck\/Ron-Mueck.htm\" target=\"_blank\">Ron MUECK<\/a>),\u00a0tout en restant monstrueusement \u00ab\u00a0coh\u00e9rent\u00a0\u00bb.\u00a0Emprisonn\u00e9es dans une immobilit\u00e9, dans des postures d\u00e9concertantes d&rsquo;assurance, ces cr\u00e9atures s&rsquo;imposent \u00e0 travers un jeu de regards\u00a0(pour certaines de ses\u00a0oeuvres) ou nous placent en inf\u00e9riorit\u00e9, et nous toisent. La force du travail de\u00a0Choi XOOANG\u00a0r\u00e9side dans les partis-pris de l&rsquo;artiste, ces \u00eatres \u00ab\u00a0mutants, \u00a0mal-form\u00e9s,\u00a0d\u00e9form\u00e9s\u00a0\u00bb,\u00a0sont r\u00e9duits \u00e0 une partie unique\u00a0de leur corps et seules ces parties ont re\u00e7u un traitement\u00a0colorim\u00e9trique\u00a0hyperr\u00e9aliste.\u00a0<a title=\"Xooang-Choi-Studio\" href=\"https:\/\/www.facebook.com\/pages\/Xooang-Choi-Studio\ucd5c\uc218\uc559-\uc791\uc5c5\uc2e4\/426678114055980\" target=\"_blank\">D\u00e9couvrir sur Facebook<\/a>.<\/p>\n<p><strong style=\"color: #eb0045;\">Tip Toland &#8211;\u00a0<\/strong>N\u00e9e en 1950 aux Etats-Unis. elle travaille sur l&rsquo;humain et le temps qui passe. Ses sculptures repr\u00e9sentent de jeunes sujets ou des personnes \u00e2g\u00e9es. Ces deux p\u00e9riodes de la vie ont selon elle des similarit\u00e9s. Ainsi, elle cherche \u00e0 mettre en avant la vuln\u00e9rabilit\u00e9, l&rsquo;innocence et l&rsquo;isolement, \u00e9l\u00e9ments repr\u00e9sentatifs de ces deux p\u00e9riodes extr\u00eames de l&rsquo;existence.\u00a0Ses \u0153uvres peuvent d\u00e9ranger car hyper-r\u00e9alistes, les transformations du corps par le temps semblent r\u00e9elles. <a title=\"Tip Toland, site sculpteur\" href=\"http:\/\/www.tiptoland.com\" target=\"_blank\">Son site \u00e0 visiter<\/a> \/ et sa <a title=\"tip.toland sur facebook\" href=\"https:\/\/www.facebook.com\/tip.toland\" target=\"_blank\">page facebook<\/a><\/p>\n<p><strong style=\"color: #eb0045;\">Jamie Salmon<\/strong> (UK)\u00a0&#8211; Sculpteur hyperrealiste\u00a0et sa femme <strong>Jackie K.Seo<\/strong> (Cor\u00e9enne) cr\u00e9ent leurs sculptures \u00e0 partir des r\u00e9sines, caoutchoucs en silicone, poils en cheveux et peintures sp\u00e9cifiques.. (vivent \u00e0 Vancouver, Canada)<\/p>\n<p><strong style=\"color: #eb0045;\">et aussi :<\/strong> Sam Jinks [http:\/\/<a title=\"Sam Jinks, sculpteur hyper-realiste\" href=\"http:\/\/www.samjinks.com\/\" target=\"_blank\">www.samjinks.com<\/a>], Evan Penny, Mu Boyan,\u00a0Liu Xue&#8230;<\/p>\n","protected":false},"excerpt":{"rendered":"<p>Sculptures addict. Mouvance hyper-r\u00e9aliste contemporaine. Patricia Piccinini est une artiste\u00a0australienne\u00a0n\u00e9e \u00e0\u00a0Freetown,\u00a0Sierra Leone, en\u00a01965.\u00a0Quoiqu&rsquo;\u00e9tant d&rsquo;une sensibilit\u00e9 proche des\u00a0bio-artistes, elle ne travaille<\/p>\n","protected":false},"author":1,"featured_media":0,"parent":0,"menu_order":0,"comment_status":"open","ping_status":"open","template":"template-bg.php","meta":{"_monsterinsights_skip_tracking":false,"_monsterinsights_sitenote_active":false,"_monsterinsights_sitenote_note":"","_monsterinsights_sitenote_category":0,"jetpack_post_was_ever_published":false,"footnotes":""},"jetpack_sharing_enabled":true,"jetpack_shortlink":"https:\/\/wp.me\/P6hYQX-ta","jetpack-related-posts":[{"id":1711,"url":"https:\/\/www.lilavert.com\/blog_lilavert\/gallerie-1\/sculptures-hyperrealistes\/","url_meta":{"origin":1808,"position":0},"title":"Sculptures hyperrealistes","author":"LilaVert I-I","date":"03\/09\/2013","format":false,"excerpt":"Sculptures\u00a0hyperrealistes\u00a0- This page is a collection of hyperrealist Artists over the World :\u00a0Xooang Choi, Ron Mueck, Patricia Piccinini, Sam Jinks, Tip Toland for the most famous of them and much others... Feel free to share this page. Cette page est une collection des sculpteurs hyper r\u00e9alistes\u00a0\u00e0 travers le monde :\u00a0Xooang\u2026","rel":"","context":"Avec 1 commentaire","block_context":{"text":"Avec 1 commentaire","link":"https:\/\/www.lilavert.com\/blog_lilavert\/gallerie-1\/sculptures-hyperrealistes\/#comments"},"img":{"alt_text":"","src":"","width":0,"height":0},"classes":[]},{"id":372,"url":"https:\/\/www.lilavert.com\/blog_lilavert\/gallerie-1\/sculptures\/","url_meta":{"origin":1808,"position":1},"title":"Sculptures","author":"LilaVert I-I","date":"06\/08\/2012","format":false,"excerpt":"","rel":"","context":"Article similaire","block_context":{"text":"Article similaire","link":""},"img":{"alt_text":"","src":"","width":0,"height":0},"classes":[]},{"id":681,"url":"https:\/\/www.lilavert.com\/blog_lilavert\/graphiste-book\/","url_meta":{"origin":1808,"position":2},"title":"Graphiste { BooK }","author":"LilaVert I-I","date":"04\/09\/2012","format":false,"excerpt":"Graphiste {\u00a0BooK\u00a0} freelance Print \/ Web. Inscrite \u00e0 la Maison des Artistes depuis 2005 - je con\u00e7ois et r\u00e9alise toute votre communication Print et Web. Communication PRINT \/ Editions : - Cr\u00e9ation identit\u00e9s visuelles : Cr\u00e9ation de logo\u00a0\/ Charte graphique \/ Mascotte \/ Illustration - Cr\u00e9ation \/ Ex\u00e9cution : Catalogues,\u2026","rel":"","context":"Article similaire","block_context":{"text":"Article similaire","link":""},"img":{"alt_text":"graphiste freelance Print \/ Web","src":"https:\/\/i0.wp.com\/www.lilavert.com\/blog_lilavert\/wp-content\/uploads\/2015\/05\/graphiste-freelance.png?resize=350%2C200&ssl=1","width":350,"height":200},"classes":[]},{"id":9628,"url":"https:\/\/www.lilavert.com\/blog_lilavert\/cinemagraphs\/","url_meta":{"origin":1808,"position":3},"title":"Cinemagraphs","author":"LilaVert I-I","date":"11\/07\/2015","format":false,"excerpt":"Animations et Cinemagraphs - Experiments Click on the pic\u00a0to see the animation... Un\u00a0cinemagraph\u00a0est une partie de photographie\u00a0anim\u00e9e d'un l\u00e9ger mouvement r\u00e9p\u00e9titif. Il est g\u00e9n\u00e9ralement au format\u00a0GIF anim\u00e9 ou mp4. Le terme cinemagraph a \u00e9t\u00e9 invent\u00e9 par les Am\u00e9ricains\u00a0Kevin Burg\u00a0et\u00a0Jamie Beck, respectivement photographe et sp\u00e9cialiste de l'animation, qui utilis\u00e8rent cette technique\u2026","rel":"","context":"Article similaire","block_context":{"text":"Article similaire","link":""},"img":{"alt_text":"","src":"","width":0,"height":0},"classes":[]},{"id":1839,"url":"https:\/\/www.lilavert.com\/blog_lilavert\/gallerie-1\/sculpteurs-mix\/","url_meta":{"origin":1808,"position":4},"title":"Sculpteurs Mixed Art","author":"LilaVert I-I","date":"15\/04\/2013","format":false,"excerpt":"Mixed Media Art over the world. Sculptors inspiration\u00a0-\u00a0mixed\u00a0Art\u00a0technique, argile, textiles art... Painting.","rel":"","context":"Avec 3 commentaires","block_context":{"text":"Avec 3 commentaires","link":"https:\/\/www.lilavert.com\/blog_lilavert\/gallerie-1\/sculpteurs-mix\/#comments"},"img":{"alt_text":"","src":"","width":0,"height":0},"classes":[]},{"id":9734,"url":"https:\/\/www.lilavert.com\/blog_lilavert\/cookie-policy\/","url_meta":{"origin":1808,"position":5},"title":"Cookie Policy","author":"LilaVert I-I","date":"01\/08\/2015","format":false,"excerpt":"Avertissement l\u00e9gal sur les cookies Ce site, comme la plupart des sites web, h\u00e9berge des cookies. Selon la directive europ\u00e9enne de 2009, tous les sites WEB au sein de l\u2019UE doivent pr\u00e9venir leurs visiteurs de cette\u00a0pr\u00e9sences. La CNIL est charg\u00e9e de l\u2019application fran\u00e7aise de cette directive\u00a0depuis le 1er octobre 2014\u2026","rel":"","context":"Article similaire","block_context":{"text":"Article similaire","link":""},"img":{"alt_text":"","src":"","width":0,"height":0},"classes":[]}],"_links":{"self":[{"href":"https:\/\/www.lilavert.com\/blog_lilavert\/wp-json\/wp\/v2\/pages\/1808"}],"collection":[{"href":"https:\/\/www.lilavert.com\/blog_lilavert\/wp-json\/wp\/v2\/pages"}],"about":[{"href":"https:\/\/www.lilavert.com\/blog_lilavert\/wp-json\/wp\/v2\/types\/page"}],"author":[{"embeddable":true,"href":"https:\/\/www.lilavert.com\/blog_lilavert\/wp-json\/wp\/v2\/users\/1"}],"replies":[{"embeddable":true,"href":"https:\/\/www.lilavert.com\/blog_lilavert\/wp-json\/wp\/v2\/comments?post=1808"}],"version-history":[{"count":0,"href":"https:\/\/www.lilavert.com\/blog_lilavert\/wp-json\/wp\/v2\/pages\/1808\/revisions"}],"wp:attachment":[{"href":"https:\/\/www.lilavert.com\/blog_lilavert\/wp-json\/wp\/v2\/media?parent=1808"}],"curies":[{"name":"wp","href":"https:\/\/api.w.org\/{rel}","templated":true}]}}