{"id":1214,"date":"2013-01-07T12:57:03","date_gmt":"2013-01-07T12:57:03","guid":{"rendered":"https:\/\/www.lilavert.com\/blog_lilavert\/?page_id=1214"},"modified":"2013-01-07T13:04:18","modified_gmt":"2013-01-07T13:04:18","slug":"essaies-news","status":"publish","type":"page","link":"https:\/\/www.lilavert.com\/blog_lilavert\/essaies-news\/","title":{"rendered":"essaies news"},"content":{"rendered":"","protected":false},"excerpt":{"rendered":"","protected":false},"author":1,"featured_media":0,"parent":0,"menu_order":0,"comment_status":"open","ping_status":"open","template":"template-archives.php","meta":{"_monsterinsights_skip_tracking":false,"_monsterinsights_sitenote_active":false,"_monsterinsights_sitenote_note":"","_monsterinsights_sitenote_category":0,"jetpack_post_was_ever_published":false,"footnotes":""},"jetpack_sharing_enabled":true,"jetpack_shortlink":"https:\/\/wp.me\/P6hYQX-jA","jetpack-related-posts":[{"id":189,"url":"https:\/\/www.lilavert.com\/blog_lilavert\/blog-news\/","url_meta":{"origin":1214,"position":0},"title":"Blog News","author":"LilaVert I-I","date":"05\/08\/2012","format":false,"excerpt":"","rel":"","context":"Article similaire","block_context":{"text":"Article similaire","link":""},"img":{"alt_text":"","src":"","width":0,"height":0},"classes":[]},{"id":9628,"url":"https:\/\/www.lilavert.com\/blog_lilavert\/cinemagraphs\/","url_meta":{"origin":1214,"position":1},"title":"Cinemagraphs","author":"LilaVert I-I","date":"11\/07\/2015","format":false,"excerpt":"Animations et Cinemagraphs - Experiments Click on the pic\u00a0to see the animation... Un\u00a0cinemagraph\u00a0est une partie de photographie\u00a0anim\u00e9e d'un l\u00e9ger mouvement r\u00e9p\u00e9titif. Il est g\u00e9n\u00e9ralement au format\u00a0GIF anim\u00e9 ou mp4. Le terme cinemagraph a \u00e9t\u00e9 invent\u00e9 par les Am\u00e9ricains\u00a0Kevin Burg\u00a0et\u00a0Jamie Beck, respectivement photographe et sp\u00e9cialiste de l'animation, qui utilis\u00e8rent cette technique\u2026","rel":"","context":"Article similaire","block_context":{"text":"Article similaire","link":""},"img":{"alt_text":"","src":"","width":0,"height":0},"classes":[]},{"id":1808,"url":"https:\/\/www.lilavert.com\/blog_lilavert\/sculptures-addict\/","url_meta":{"origin":1214,"position":2},"title":"Sculptures addict","author":"LilaVert I-I","date":"15\/04\/2013","format":false,"excerpt":"Sculptures addict. Mouvance hyper-r\u00e9aliste contemporaine. Patricia Piccinini est une artiste\u00a0australienne\u00a0n\u00e9e \u00e0\u00a0Freetown,\u00a0Sierra Leone, en\u00a01965.\u00a0Quoiqu'\u00e9tant d'une sensibilit\u00e9 proche des\u00a0bio-artistes, elle ne travaille pas \u00e0 partir du vivant, mais \u00e0 partir des repr\u00e9sentations du vivant et de leur r\u00e9ception. Des sculptures d\u00e9rangeantes par leur aspect organique, leur r\u00e9alisme, leur peau rose nous renvoyant\u2026","rel":"","context":"Article similaire","block_context":{"text":"Article similaire","link":""},"img":{"alt_text":"","src":"","width":0,"height":0},"classes":[]}],"_links":{"self":[{"href":"https:\/\/www.lilavert.com\/blog_lilavert\/wp-json\/wp\/v2\/pages\/1214"}],"collection":[{"href":"https:\/\/www.lilavert.com\/blog_lilavert\/wp-json\/wp\/v2\/pages"}],"about":[{"href":"https:\/\/www.lilavert.com\/blog_lilavert\/wp-json\/wp\/v2\/types\/page"}],"author":[{"embeddable":true,"href":"https:\/\/www.lilavert.com\/blog_lilavert\/wp-json\/wp\/v2\/users\/1"}],"replies":[{"embeddable":true,"href":"https:\/\/www.lilavert.com\/blog_lilavert\/wp-json\/wp\/v2\/comments?post=1214"}],"version-history":[{"count":0,"href":"https:\/\/www.lilavert.com\/blog_lilavert\/wp-json\/wp\/v2\/pages\/1214\/revisions"}],"wp:attachment":[{"href":"https:\/\/www.lilavert.com\/blog_lilavert\/wp-json\/wp\/v2\/media?parent=1214"}],"curies":[{"name":"wp","href":"https:\/\/api.w.org\/{rel}","templated":true}]}}